{"id":4868,"date":"2016-10-17T12:16:00","date_gmt":"2016-10-17T16:16:00","guid":{"rendered":"http:\/\/www.nh.com.ve\/blog\/deposito-ultramar\/"},"modified":"2018-04-09T11:03:55","modified_gmt":"2018-04-09T15:03:55","slug":"deposito-ultramar","status":"publish","type":"page","link":"http:\/\/www.nh.com.ve\/blog\/deposito-ultramar\/","title":{"rendered":"DEP\u00d3SITO ULTRAMAR"},"content":{"rendered":"<p>[vc_row][vc_column][vc_column_text css_animation=\u00bbfadeIn\u00bb]<\/p>\n<p style=\"text-align: center;\"><img loading=\"lazy\" decoding=\"async\" class=\"alignnone wp-image-7820 size-full\" src=\"http:\/\/www.nh.com.ve\/blog\/wp-content\/uploads\/2018\/04\/04.png\" alt=\"\" width=\"263\" height=\"280\" \/><\/p>\n<p style=\"text-align: center;\">[divide color=\u00bb#\u00bb]<\/p>\n<h1 style=\"text-align: center;\"><span style=\"color: #ff6600;\">Deposito de Contenedores Vac\u00edos:<\/span><\/h1>\n<p>[gap height=\u00bb20&#8243;]<\/p>\n<p style=\"text-align: justify;\">Contamos con maquinarias especiales para la movilizaci\u00f3n y almacenaje correcto de sus equipos vac\u00edos. Servicios adicionales de reparaci\u00f3n, limpieza e inspecci\u00f3n. Cuenta con una amplia gama de oficinas y locales comerciales, galpones y mini locales de dep\u00f3sito.<\/p>\n<h3><\/h3>\n<p>[\/vc_column_text][\/vc_column][\/vc_row]<\/p>\n","protected":false},"excerpt":{"rendered":"<p>[vc_row][vc_column][vc_column_text css_animation=\u00bbfadeIn\u00bb] [divide color=\u00bb#\u00bb] Deposito de Contenedores Vac\u00edos: [gap height=\u00bb20&#8243;] Contamos con maquinarias especiales para la movilizaci\u00f3n y almacenaje correcto de sus equipos vac\u00edos. Servicios adicionales de reparaci\u00f3n, limpieza e inspecci\u00f3n. Cuenta con una amplia gama de oficinas y locales comerciales, galpones y mini locales de dep\u00f3sito. [\/vc_column_text][\/vc_column][\/vc_row]<\/p>\n","protected":false},"author":1,"featured_media":0,"parent":0,"menu_order":0,"comment_status":"closed","ping_status":"closed","template":"","meta":{"footnotes":""},"class_list":["post-4868","page","type-page","status-publish","hentry"],"_links":{"self":[{"href":"http:\/\/www.nh.com.ve\/blog\/wp-json\/wp\/v2\/pages\/4868","targetHints":{"allow":["GET"]}}],"collection":[{"href":"http:\/\/www.nh.com.ve\/blog\/wp-json\/wp\/v2\/pages"}],"about":[{"href":"http:\/\/www.nh.com.ve\/blog\/wp-json\/wp\/v2\/types\/page"}],"author":[{"embeddable":true,"href":"http:\/\/www.nh.com.ve\/blog\/wp-json\/wp\/v2\/users\/1"}],"replies":[{"embeddable":true,"href":"http:\/\/www.nh.com.ve\/blog\/wp-json\/wp\/v2\/comments?post=4868"}],"version-history":[{"count":0,"href":"http:\/\/www.nh.com.ve\/blog\/wp-json\/wp\/v2\/pages\/4868\/revisions"}],"wp:attachment":[{"href":"http:\/\/www.nh.com.ve\/blog\/wp-json\/wp\/v2\/media?parent=4868"}],"curies":[{"name":"wp","href":"https:\/\/api.w.org\/{rel}","templated":true}]}}